{"id":468,"date":"2020-07-29T21:51:24","date_gmt":"2020-07-29T19:51:24","guid":{"rendered":"http:\/\/tiercelet.fr\/?page_id=468"},"modified":"2025-01-11T18:46:35","modified_gmt":"2025-01-11T17:46:35","slug":"annuaire-entreprises-et-commerces","status":"publish","type":"page","link":"https:\/\/tiercelet.fr\/?page_id=468","title":{"rendered":"Annuaire : entreprises et commerces"},"content":{"rendered":"\n<p><\/p>\n\n\n\n<figure class=\"wp-block-table is-style-stripes\"><table class=\"has-fixed-layout\"><thead><tr><th>Soci\u00e9t\u00e9<\/th><th>Adresse<\/th><th>T\u00e9l\u00e9phone<\/th><th>Mail de contact<\/th><th>Site internet <\/th><\/tr><\/thead><tbody><tr><td>Casse auto Dela<\/td><td>ZI<br> 54190 Tiercelet<\/td><td><strong><a href=\"https:\/\/www.google.com\/search?q=DELA+tiercelet&amp;oq=DELA+tiercelet&amp;aqs=chrome..69i57j0l4j69i60l2.3762j0j4&amp;sourceid=chrome&amp;ie=UTF-8#\">03 82 89 04 65<\/a><\/strong><\/td><td><\/td><td><\/td><\/tr><tr><td>De Angelis Autosport<\/td><td>1 Rue Jean Racine<br>54190 Tiercelet<\/td><td><a href=\"https:\/\/www.google.com\/search?q=de+angelis+autosport&amp;oq=de+angelis+autosport&amp;aqs=chrome..69i57j0l7.4505j0j4&amp;sourceid=chrome&amp;ie=UTF-8#\">03 82 24 61 97<\/a><\/td><td><\/td><td><\/td><\/tr><tr><td>Garage Saint Denis<\/td><td>14 Bis rue Honor\u00e9 de Balzac 54190 Tiercelet<\/td><td><a href=\"https:\/\/www.pagesjaunes.fr\/pros\/detail?code_etablissement=03050757&amp;code_localite=L05452500&amp;code_rubrique=388310\">03 82 89 34 30<\/a><\/td><td><\/td><td><\/td><\/tr><tr><td>Georges Auto<\/td><td>Zone Industrielle, 54190 Tiercelet<\/td><td><a href=\"https:\/\/www.google.com\/search?safe=off&amp;sxsrf=ALeKk030C6zFQRHpJhuaSwcdDjY3Cu8Q7w%3A1597077765041&amp;ei=BXkxX4uFApHhUJzeoJAH&amp;q=M+GEORGES+JOAQUIM+DE+JESUS++tiercelet&amp;oq=M+GEORGES+JOAQUIM+DE+JESUS++tiercelet&amp;gs_lcp=CgZwc3ktYWIQA1CVhQJYlYUCYKiIAmgAcAB4AIABVYgBVZIBATGYAQCgAQKgAQGqAQdnd3Mtd2l6wAEB&amp;sclient=psy-ab&amp;ved=0ahUKEwjLm_SmipHrAhWRMBQKHRwvCHIQ4dUDCAw&amp;uact=5#\">09 61 50 53 48<\/a><\/td><td><\/td><td><\/td><\/tr><tr><td>Gofinet TP<\/td><td>1 ZI<br>54190 Tiercelet<\/td><td><a href=\"https:\/\/www.google.com\/search?q=GOFINET&amp;oq=GOFINET&amp;aqs=chrome..69i57j0l5j69i60l2.2410j0j7&amp;sourceid=chrome&amp;ie=UTF-8#\">03 82 89 61 61<\/a><\/td><td><a href=\"https:\/\/www.gofinet-terrassement.fr\/fr\/entreprise-construction\" data-type=\"link\" data-id=\"https:\/\/www.gofinet-terrassement.fr\/fr\/entreprise-construction\" target=\"_blank\" rel=\"noreferrer noopener\">Contact Entreprise Gofinet<\/a><\/td><td><a href=\"https:\/\/www.gofinet-terrassement.fr\/\" target=\"_blank\" rel=\"noreferrer noopener\">https:\/\/www.gofinet-terrassement.fr\/<\/a><\/td><\/tr><tr><td>Luxmecanique<\/td><td>6 ZI<br>54190 Tiercelet<\/td><td><a href=\"https:\/\/www.google.com\/search?safe=off&amp;sxsrf=ALeKk03nUQ9pI6lNg-4S7WRYeU66XigagA%3A1597078172255&amp;ei=nHoxX-v9DqWEjLsPz9W96AE&amp;q=LUX+MECANIQUE+II+tiercelet&amp;oq=LUX+MECANIQUE+II+tiercelet&amp;gs_lcp=CgZwc3ktYWIQAzoECCMQJzoECAAQDVDOxQFY7tABYNPTAWgAcAB4AIABowGIAcMCkgEDMi4xmAEAoAECoAEBqgEHZ3dzLXdpesABAQ&amp;sclient=psy-ab&amp;ved=0ahUKEwjru4rpi5HrAhUlAmMBHc9qDx0Q4dUDCAw&amp;uact=5#\">+352 54 190<\/a><\/td><td><\/td><td><a href=\"http:\/\/www.luxmecanique.lu\/contact\/\" target=\"_blank\" rel=\"noreferrer noopener\">http:\/\/www.luxmecanique.lu\/contact\/<\/a><\/td><\/tr><tr><td>MC Ceramic&nbsp;<\/td><td>20 Rue Victor Hugo<br>54190 Tiercelet<\/td><td>06 21 07 51 43<\/td><td><\/td><td><a href=\"https:\/\/www.facebook.com\/p\/MC-Ceramic-61550054944185\/?locale=fr_FR\" data-type=\"link\" data-id=\"https:\/\/www.facebook.com\/p\/MC-Ceramic-61550054944185\/?locale=fr_FR\">Page Facebook<\/a><\/td><\/tr><tr><td>Micheville Air Park<\/td><td>9 Bis Rue Jean Jacques Rousseau<br>54190 Tiercelet<\/td><td><\/td><td><\/td><td><\/td><\/tr><tr><td>Osteria da Ivan<\/td><td>20 Rue Honor\u00e9 de Balzac<br>54190 Tiercelet<\/td><td><a href=\"https:\/\/www.google.fr\/search?q=osteria%20da%20ivan%20tiercelet\">03 82 89 15 14<\/a><\/td><td><\/td><td><a href=\"https:\/\/www.osteria-da-ivan.fr\/\">https:\/\/www.osteria-da-ivan.fr\/<\/a><\/td><\/tr><tr><td>Pneu 9<\/td><td>1 ZI<br>54190 Tiercelet<\/td><td><a href=\"https:\/\/www.google.com\/search?q=pneu+9+tiercelet&amp;oq=pneu+9+tiercelet&amp;aqs=chrome..69i57.3858j0j4&amp;sourceid=chrome&amp;ie=UTF-8#\"> 07 45 10 12 59<\/a><\/td><td><a href=\"mailto:Contact@pneu-9.fr\">Contact@pneu-9.fr<\/a><\/td><td><\/td><\/tr><tr><td>STI Promotion<\/td><td>Zone industrielle 54190&nbsp;Tiercelet<\/td><td><a href=\"https:\/\/www.stipromotion.com\/?fbclid=IwZXh0bgNhZW0CMTAAAR0pS7gm_6cs1VPXwTWBKKYj4dwNLoNlRzz0b0PvB94Yk48Rdx8DkQlI4dw_aem_MC8Q-fV2-bmhpoTWi3gKig\" data-type=\"link\" data-id=\"https:\/\/www.stipromotion.com\/?fbclid=IwZXh0bgNhZW0CMTAAAR0pS7gm_6cs1VPXwTWBKKYj4dwNLoNlRzz0b0PvB94Yk48Rdx8DkQlI4dw_aem_MC8Q-fV2-bmhpoTWi3gKig\" target=\"_blank\" rel=\"noreferrer noopener\">06 07 40 20 28<\/a><\/td><td><a class=\"\" href=\"mailto:mylene@stipromotion.fr\">mylene@stipromotion.fr<\/a><\/td><td><\/td><\/tr><\/tbody><\/table><\/figure>\n\n\n\n<p><\/p>\n","protected":false},"excerpt":{"rendered":"<p>Soci\u00e9t\u00e9 Adresse T\u00e9l\u00e9phone Mail de contact Site internet Casse auto Dela ZI 54190 Tiercelet 03 82 89 04 65 De Angelis Autosport 1 Rue Jean Racine54190 Tiercelet 03 82 24 61 97 Garage Saint Denis 14 Bis rue Honor\u00e9 de Balzac 54190 Tiercelet 03 82 89 34 30 Georges Auto Zone Industrielle, 54190 Tiercelet 09 [&hellip;]<\/p>\n","protected":false},"author":1,"featured_media":0,"parent":0,"menu_order":0,"comment_status":"closed","ping_status":"closed","template":"","meta":{"footnotes":""},"class_list":["post-468","page","type-page","status-publish","hentry"],"_links":{"self":[{"href":"https:\/\/tiercelet.fr\/index.php?rest_route=\/wp\/v2\/pages\/468","targetHints":{"allow":["GET"]}}],"collection":[{"href":"https:\/\/tiercelet.fr\/index.php?rest_route=\/wp\/v2\/pages"}],"about":[{"href":"https:\/\/tiercelet.fr\/index.php?rest_route=\/wp\/v2\/types\/page"}],"author":[{"embeddable":true,"href":"https:\/\/tiercelet.fr\/index.php?rest_route=\/wp\/v2\/users\/1"}],"replies":[{"embeddable":true,"href":"https:\/\/tiercelet.fr\/index.php?rest_route=%2Fwp%2Fv2%2Fcomments&post=468"}],"version-history":[{"count":26,"href":"https:\/\/tiercelet.fr\/index.php?rest_route=\/wp\/v2\/pages\/468\/revisions"}],"predecessor-version":[{"id":2378,"href":"https:\/\/tiercelet.fr\/index.php?rest_route=\/wp\/v2\/pages\/468\/revisions\/2378"}],"wp:attachment":[{"href":"https:\/\/tiercelet.fr\/index.php?rest_route=%2Fwp%2Fv2%2Fmedia&parent=468"}],"curies":[{"name":"wp","href":"https:\/\/api.w.org\/{rel}","templated":true}]}}