{"id":441,"date":"2020-07-29T21:47:39","date_gmt":"2020-07-29T19:47:39","guid":{"rendered":"http:\/\/tiercelet.fr\/?page_id=441"},"modified":"2025-09-29T09:28:04","modified_gmt":"2025-09-29T07:28:04","slug":"location-de-la-salle-communale","status":"publish","type":"page","link":"https:\/\/tiercelet.fr\/?page_id=441","title":{"rendered":"Location du Centre Socio-Culturel"},"content":{"rendered":"\n<p>La location pour diverses festivit\u00e9s est dor\u00e9navant possible \u00e0 partir du 1er mai.<\/p>\n\n\n\n<p class=\"has-normal-font-size\"><a href=\"https:\/\/tiercelet.fr\/wp-content\/uploads\/2025\/09\/TARIFS_2025_2.pdf\" data-type=\"URL\" data-id=\"http:\/\/tiercelet.fr\/wp-content\/uploads\/2021\/01\/tarif-salle-polyvalente.pdf\" target=\"_blank\" rel=\"noreferrer noopener\">Document \u00e0 t\u00e9l\u00e9charger : Tarif de la location du centre socio-culturel<\/a><\/p>\n\n\n<a href=\"https:\/\/tiercelet.fr\/wp-content\/uploads\/2025\/09\/TARIFS_2025_2.pdf\" class=\"pdfemb-viewer\" style=\"\" data-width=\"max\" data-height=\"max\" data-toolbar=\"bottom\" data-toolbar-fixed=\"off\">TARIFS_2025_2<\/a>","protected":false},"excerpt":{"rendered":"<p>La location pour diverses festivit\u00e9s est dor\u00e9navant possible \u00e0 partir du 1er mai. Document \u00e0 t\u00e9l\u00e9charger : Tarif de la location du centre socio-culturel<\/p>\n","protected":false},"author":1,"featured_media":0,"parent":0,"menu_order":0,"comment_status":"closed","ping_status":"closed","template":"","meta":{"footnotes":""},"class_list":["post-441","page","type-page","status-publish","hentry"],"_links":{"self":[{"href":"https:\/\/tiercelet.fr\/index.php?rest_route=\/wp\/v2\/pages\/441","targetHints":{"allow":["GET"]}}],"collection":[{"href":"https:\/\/tiercelet.fr\/index.php?rest_route=\/wp\/v2\/pages"}],"about":[{"href":"https:\/\/tiercelet.fr\/index.php?rest_route=\/wp\/v2\/types\/page"}],"author":[{"embeddable":true,"href":"https:\/\/tiercelet.fr\/index.php?rest_route=\/wp\/v2\/users\/1"}],"replies":[{"embeddable":true,"href":"https:\/\/tiercelet.fr\/index.php?rest_route=%2Fwp%2Fv2%2Fcomments&post=441"}],"version-history":[{"count":12,"href":"https:\/\/tiercelet.fr\/index.php?rest_route=\/wp\/v2\/pages\/441\/revisions"}],"predecessor-version":[{"id":2692,"href":"https:\/\/tiercelet.fr\/index.php?rest_route=\/wp\/v2\/pages\/441\/revisions\/2692"}],"wp:attachment":[{"href":"https:\/\/tiercelet.fr\/index.php?rest_route=%2Fwp%2Fv2%2Fmedia&parent=441"}],"curies":[{"name":"wp","href":"https:\/\/api.w.org\/{rel}","templated":true}]}}