{"id":437,"date":"2020-07-29T21:46:41","date_gmt":"2020-07-29T19:46:41","guid":{"rendered":"http:\/\/tiercelet.fr\/?page_id=437"},"modified":"2025-01-11T18:09:24","modified_gmt":"2025-01-11T17:09:24","slug":"professionnels-de-sante","status":"publish","type":"page","link":"https:\/\/tiercelet.fr\/?page_id=437","title":{"rendered":"Professionnels de sant\u00e9"},"content":{"rendered":"\n<p><strong>Docteur LACCHINI Patrick<\/strong><\/p>\n\n\n\n<p>2a rue Jules Renard <\/p>\n\n\n\n<p>54190 TIERCELET <\/p>\n\n\n\n<p>T\u00e9l. : 03.82.89.15.91<\/p>\n\n\n\n<p><a href=\"https:\/\/www.doctolib.fr\/medecin-generaliste\/tiercelet\/patrick-lacchini\" target=\"_blank\" rel=\"noreferrer noopener\">Acc\u00e9der \u00e0 la page Doctolib du Docteur LACCHINI<\/a><\/p>\n","protected":false},"excerpt":{"rendered":"<p>Docteur LACCHINI Patrick 2a rue Jules Renard 54190 TIERCELET T\u00e9l. : 03.82.89.15.91 Acc\u00e9der \u00e0 la page Doctolib du Docteur LACCHINI<\/p>\n","protected":false},"author":1,"featured_media":0,"parent":0,"menu_order":0,"comment_status":"closed","ping_status":"closed","template":"","meta":{"footnotes":""},"class_list":["post-437","page","type-page","status-publish","hentry"],"_links":{"self":[{"href":"https:\/\/tiercelet.fr\/index.php?rest_route=\/wp\/v2\/pages\/437","targetHints":{"allow":["GET"]}}],"collection":[{"href":"https:\/\/tiercelet.fr\/index.php?rest_route=\/wp\/v2\/pages"}],"about":[{"href":"https:\/\/tiercelet.fr\/index.php?rest_route=\/wp\/v2\/types\/page"}],"author":[{"embeddable":true,"href":"https:\/\/tiercelet.fr\/index.php?rest_route=\/wp\/v2\/users\/1"}],"replies":[{"embeddable":true,"href":"https:\/\/tiercelet.fr\/index.php?rest_route=%2Fwp%2Fv2%2Fcomments&post=437"}],"version-history":[{"count":10,"href":"https:\/\/tiercelet.fr\/index.php?rest_route=\/wp\/v2\/pages\/437\/revisions"}],"predecessor-version":[{"id":2370,"href":"https:\/\/tiercelet.fr\/index.php?rest_route=\/wp\/v2\/pages\/437\/revisions\/2370"}],"wp:attachment":[{"href":"https:\/\/tiercelet.fr\/index.php?rest_route=%2Fwp%2Fv2%2Fmedia&parent=437"}],"curies":[{"name":"wp","href":"https:\/\/api.w.org\/{rel}","templated":true}]}}