{"id":428,"date":"2020-07-29T21:43:51","date_gmt":"2020-07-29T19:43:51","guid":{"rendered":"http:\/\/tiercelet.fr\/?page_id=428"},"modified":"2026-02-20T16:36:36","modified_gmt":"2026-02-20T15:36:36","slug":"planning-des-activites-du-mercredi","status":"publish","type":"page","link":"https:\/\/tiercelet.fr\/?page_id=428","title":{"rendered":"Planning des activit\u00e9s du mercredi"},"content":{"rendered":"\n<h2 class=\"wp-block-heading\">Activit\u00e9s pour la rentr\u00e9e 2025-2026 <\/h2>\n\n\n\n<p><a href=\"https:\/\/tiercelet.fr\/wp-content\/uploads\/2025\/07\/peri-sept-oct-2025.pdf\">septembre \u00e0 octobre 2025<\/a><\/p>\n\n\n\n<p><a href=\"https:\/\/tiercelet.fr\/wp-content\/uploads\/2025\/10\/nov.dec-2025.pdf\" target=\"_blank\" rel=\"noreferrer noopener\">novembre \u00e0 d\u00e9cembre 2025<\/a><\/p>\n\n\n\n<p><a href=\"https:\/\/tiercelet.fr\/wp-content\/uploads\/2026\/02\/mars-avril-2026.pdf\" target=\"_blank\" rel=\"noreferrer noopener\">janvier \u00e0 f\u00e9vrier 2026<\/a><\/p>\n\n\n\n<p><\/p>\n\n\n\n<div style=\"height:100px\" aria-hidden=\"true\" class=\"wp-block-spacer\"><\/div>\n\n\n\n<hr class=\"wp-block-separator aligncenter has-alpha-channel-opacity is-style-wide\"\/>\n\n\n\n<h2 class=\"wp-block-heading\">Activit\u00e9s mars avril<\/h2>\n\n\n<a href=\"https:\/\/tiercelet.fr\/wp-content\/uploads\/2026\/02\/mars-avril-2026.pdf\" class=\"pdfemb-viewer\" style=\"\" data-width=\"max\" data-height=\"max\" data-toolbar=\"bottom\" data-toolbar-fixed=\"off\">mars-avril-2026<\/a>\n\n\n<p><\/p>\n","protected":false},"excerpt":{"rendered":"<p>Activit\u00e9s pour la rentr\u00e9e 2025-2026 septembre \u00e0 octobre 2025 novembre \u00e0 d\u00e9cembre 2025 janvier \u00e0 f\u00e9vrier 2026 Activit\u00e9s mars avril<\/p>\n","protected":false},"author":1,"featured_media":0,"parent":0,"menu_order":0,"comment_status":"closed","ping_status":"closed","template":"","meta":{"footnotes":""},"class_list":["post-428","page","type-page","status-publish","hentry"],"_links":{"self":[{"href":"https:\/\/tiercelet.fr\/index.php?rest_route=\/wp\/v2\/pages\/428","targetHints":{"allow":["GET"]}}],"collection":[{"href":"https:\/\/tiercelet.fr\/index.php?rest_route=\/wp\/v2\/pages"}],"about":[{"href":"https:\/\/tiercelet.fr\/index.php?rest_route=\/wp\/v2\/types\/page"}],"author":[{"embeddable":true,"href":"https:\/\/tiercelet.fr\/index.php?rest_route=\/wp\/v2\/users\/1"}],"replies":[{"embeddable":true,"href":"https:\/\/tiercelet.fr\/index.php?rest_route=%2Fwp%2Fv2%2Fcomments&post=428"}],"version-history":[{"count":66,"href":"https:\/\/tiercelet.fr\/index.php?rest_route=\/wp\/v2\/pages\/428\/revisions"}],"predecessor-version":[{"id":2816,"href":"https:\/\/tiercelet.fr\/index.php?rest_route=\/wp\/v2\/pages\/428\/revisions\/2816"}],"wp:attachment":[{"href":"https:\/\/tiercelet.fr\/index.php?rest_route=%2Fwp%2Fv2%2Fmedia&parent=428"}],"curies":[{"name":"wp","href":"https:\/\/api.w.org\/{rel}","templated":true}]}}