{"id":329,"date":"2020-07-21T23:13:59","date_gmt":"2020-07-21T21:13:59","guid":{"rendered":"http:\/\/tiercelet.fr\/?page_id=329"},"modified":"2025-02-06T00:18:08","modified_gmt":"2025-02-05T23:18:08","slug":"commissions-municipales","status":"publish","type":"page","link":"https:\/\/tiercelet.fr\/?page_id=329","title":{"rendered":"Commissions municipales"},"content":{"rendered":"\r\n<p class=\"has-text-align-center\" style=\"text-align: justify;\">La deuxi\u00e8me r\u00e9union du Conseil Municipal s&#8217;est tenue le mardi 2 juin 2020. L&#8217;ordre du jour portait essentiellement sur la cr\u00e9ation des commissions municipales :<\/p>\r\n\r\n\r\n\r\n<p class=\"has-text-align-center\" style=\"text-align: justify;\">11 commissions r\u00e9parties en 3 p\u00f4les, chaque p\u00f4le \u00e9tant plac\u00e9 sous la responsabilit\u00e9 d&#8217;un ou plusieurs adjoints.<\/p>\r\n\r\n\r\n\r\n\r\n\r\n<p style=\"text-align: justify;\">\u00a0<\/p>\r\n\r\n\r\n\r\n<h2 class=\"has-text-align-center wp-block-heading\" style=\"text-align: center;\">P\u00f4le Services G\u00e9n\u00e9raux<\/h2>\r\n\r\n\r\n\r\n<p class=\"has-text-align-center\" style=\"text-align: center;\">Adjoints Responsables : <em>Emmanuel Di Martino et Claude Kubiak<\/em><\/p>\r\n\r\n\r\n\r\n<h4 class=\"has-text-align-center wp-block-heading\" style=\"text-align: justify;\"><strong>Commission Finances<\/strong><\/h4>\r\n\r\n\r\n\r\n<p class=\"has-text-align-center\" style=\"text-align: justify;\"><em>Membres : F. Karleskind, E. Di Martino, C. Kubiak, F. De Angelis, R. Falcioni<\/em><\/p>\r\n\r\n\r\n\r\n<p><br \/>Pr\u00e9paration et suivi du budget<\/p>\r\n<p>\r\n\r\n<\/p>\r\n<p>Elaboration des documents financiers<\/p>\r\n<p>\r\n\r\n<\/p>\r\n<p>Examen demandes de subventions des associations<\/p>\r\n<p>\r\n\r\n<\/p>\r\n<p>Gestion contrats et assurances<\/p>\r\n<p>&nbsp;<\/p>\r\n\r\n\r\n\r\n<h4 class=\"has-text-align-center wp-block-heading\" style=\"text-align: justify;\"><strong>Commission Appels d&#8217;Offres<\/strong><\/h4>\r\n\r\n\r\n\r\n<p class=\"has-text-align-center\" style=\"text-align: justify;\"><em>Membres: F. Karleskind, R. Biscaro, C. Kubiak, F. De Angelis, R. Georgel<\/em><\/p>\r\n\r\n\r\n\r\n<p class=\"has-text-align-center\" style=\"text-align: justify;\"><br \/>R\u00e9daction cahiers des charges<\/p>\r\n\r\n\r\n\r\n<p class=\"has-text-align-center\" style=\"text-align: justify;\">Ouverture des plis<\/p>\r\n\r\n\r\n\r\n<h4 class=\"has-text-align-center wp-block-heading\" style=\"text-align: justify;\"><br \/><strong>Commission Communale des Imp\u00f4ts Directs<\/strong><\/h4>\r\n\r\n\r\n\r\n<h4 class=\"has-text-align-center wp-block-heading\" style=\"text-align: justify;\"><strong>Commission Administration et Personnel<\/strong><\/h4>\r\n\r\n\r\n\r\n<p class=\"has-text-align-center\" style=\"text-align: justify;\"><em>Membres: E. Di Martino, C. Kubiak, R. Biscaro, R. Falcioni<\/em><\/p>\r\n\r\n\r\n\r\n<p class=\"has-text-align-center\" style=\"text-align: justify;\"><br \/>Organisation et fonctionnement des services publics communaux<\/p>\r\n\r\n\r\n\r\n<p class=\"has-text-align-center\" style=\"text-align: justify;\">Gestion personnel communal<\/p>\r\n\r\n\r\n\r\n<p class=\"has-text-align-center\" style=\"text-align: justify;\">Gestion contrats et assurances<\/p>\r\n\r\n\r\n\r\n<h4 class=\"has-text-align-center wp-block-heading\" style=\"text-align: justify;\"><br \/><strong>Commission de Contr\u00f4le des Listes Electorales<\/strong><\/h4>\r\n\r\n\r\n\r\n<p class=\"has-text-align-center\" style=\"text-align: justify;\"><em>Membres : A.Henner + 2 personnes hors conseil<\/em><\/p>\r\n\r\n\r\n\r\n<h4 class=\"has-text-align-center wp-block-heading\" style=\"text-align: justify;\"><br \/><strong>Commission Communication Informations Municipales<\/strong><\/h4>\r\n\r\n\r\n\r\n<p class=\"has-text-align-center\" style=\"text-align: justify;\"><em>Membres: C. Kubiak, A. Henner, E. Di Martino, R. Falcioni<\/em><\/p>\r\n<p>&nbsp;<\/p>\r\n\r\n\r\n\r\n<p class=\"has-text-align-center\" style=\"text-align: justify;\">Elaboration du TIR &#8211; Tiercelet Info Rapide et des communications municipales<\/p>\r\n\r\n\r\n\r\n<p class=\"has-text-align-center\" style=\"text-align: justify;\">Cr\u00e9ation et gestion du site Internet de la commune<\/p>\r\n\r\n\r\n\r\n<p class=\"has-text-align-center\" style=\"text-align: justify;\">Contacts avec la presse<\/p>\r\n\r\n\r\n\r\n<p style=\"text-align: justify;\">\u00a0<\/p>\r\n\r\n\r\n\r\n<h2 class=\"has-text-align-center wp-block-heading\" style=\"text-align: center;\">P\u00f4le Services \u00e0 la Population<\/h2>\r\n\r\n\r\n\r\n<p class=\"has-text-align-center\" style=\"text-align: center;\">Adjointe Responsable: <em>Nadine Heilig<\/em><\/p>\r\n\r\n\r\n\r\n<h4 class=\"has-text-align-center wp-block-heading\" style=\"text-align: justify;\"><strong>Commission Scolaire<\/strong><\/h4>\r\n\r\n\r\n\r\n<p class=\"has-text-align-center\" style=\"text-align: justify;\"><em>Membres : N. Heilig, A. Henner, C. Rama, C. Kubiak, M. Di Gennaro<\/em><\/p>\r\n\r\n\r\n\r\n<p class=\"has-text-align-center\" style=\"text-align: justify;\"><br \/>Relations avec le personnel enseignant et les parents d&#8217;\u00e9l\u00e8ves des \u00e9coles maternelle et \u00e9l\u00e9mentaire<\/p>\r\n\r\n\r\n\r\n<p class=\"has-text-align-center\" style=\"text-align: justify;\">Anticiper les besoins en mati\u00e8re de locaux<\/p>\r\n\r\n\r\n\r\n<p class=\"has-text-align-center\" style=\"text-align: justify;\">Etudier et suivre les demandes li\u00e9es \u00e0 la vie scolaire<\/p>\r\n\r\n\r\n\r\n<p class=\"has-text-align-center\" style=\"text-align: justify;\">Gestion du p\u00e9riscolaire<\/p>\r\n<p>&nbsp;<\/p>\r\n\r\n\r\n\r\n<h4 class=\"has-text-align-center wp-block-heading\" style=\"text-align: justify;\"><strong>Commission Cr\u00e9er du Lien \u2014 Vie locale<\/strong><\/h4>\r\n\r\n\r\n\r\n<p class=\"has-text-align-center\" style=\"text-align: justify;\"><em>Membres : E. Di Martino, A. Henner, C. Rama, R. Falcioni, C. Kubiak<\/em><\/p>\r\n\r\n\r\n\r\n<p class=\"has-text-align-center\" style=\"text-align: justify;\"><br \/>R\u00e9flexion sur les actions \u00e0 mettre en \u0153uvre pour redynamiser la vie locale<\/p>\r\n\r\n\r\n\r\n<p class=\"has-text-align-center\" style=\"text-align: justify;\">Relations avec les jeunes et les anciens<\/p>\r\n\r\n\r\n\r\n<p class=\"has-text-align-center\" style=\"text-align: justify;\">Relations et relais avec les associations communales<\/p>\r\n\r\n\r\n\r\n<h4 class=\"has-text-align-center wp-block-heading\" style=\"text-align: justify;\"><br \/><strong>Commission Ev\u00e9nementiel et Culturel <\/strong><\/h4>\r\n\r\n\r\n\r\n<p class=\"has-text-align-center\" style=\"text-align: justify;\"><em>Membres: E. Di Martino, R. Falcioni, M. Di Gennaro, A. Henner, F. Karleskind<\/em><\/p>\r\n\r\n\r\n\r\n<p class=\"has-text-align-center\" style=\"text-align: justify;\">Organisation d&#8217;\u00e9v\u00e9nements et activit\u00e9s culturelles<\/p>\r\n<p>&nbsp;<\/p>\r\n\r\n\r\n\r\n<h2 class=\"has-text-align-center wp-block-heading\" style=\"text-align: center;\">P\u00f4le Services Techniques<\/h2>\r\n\r\n\r\n\r\n<p class=\"has-text-align-center\" style=\"text-align: center;\">Adjoint Responsable : <em>Robert Biscaro<\/em><\/p>\r\n\r\n\r\n\r\n<h4 class=\"has-text-align-center wp-block-heading\" style=\"text-align: justify;\"><strong>Commission Urbanisme et Voirie<\/strong><\/h4>\r\n\r\n\r\n\r\n<p class=\"has-text-align-center\" style=\"text-align: justify;\"><em>Membres : R. Biscaro, C. Kubiak, R. Georgel, P. Heilig<\/em><\/p>\r\n\r\n\r\n\r\n<p class=\"has-text-align-center\" style=\"text-align: justify;\"><br \/>Suivi de l&#8217;\u00e9laboration du Plan Local d &#8216;Urbanisme PLU<\/p>\r\n\r\n\r\n\r\n<p class=\"has-text-align-center\" style=\"text-align: justify;\">Programmation et suivi des travaux relatifs \u00e0 :<\/p>\r\n\r\n\r\n\r\n<ul class=\"wp-block-list\" style=\"text-align: justify;\">\r\n<li>entretien, r\u00e9novation des r\u00e9seaux voirie<\/li>\r\n<\/ul>\r\n\r\n\r\n\r\n<ul class=\"wp-block-list\" style=\"text-align: justify;\">\r\n<li>eau potable<\/li>\r\n<\/ul>\r\n\r\n\r\n\r\n<ul class=\"wp-block-list\" style=\"text-align: justify;\">\r\n<li>assainissement eaux us\u00e9es et pluviales<\/li>\r\n<\/ul>\r\n\r\n\r\n\r\n<ul class=\"wp-block-list\" style=\"text-align: justify;\">\r\n<li>r\u00e9seaux \u00e9lectriques \u00e9clairage public t\u00e9l\u00e9com<\/li>\r\n<\/ul>\r\n\r\n\r\n\r\n<ul class=\"wp-block-list\" style=\"text-align: justify;\">\r\n<li>b\u00e2timents communaux<\/li>\r\n<\/ul>\r\n\r\n\r\n\r\n<ul class=\"wp-block-list\" style=\"text-align: justify;\">\r\n<li>s\u00e9curit\u00e9 routi\u00e8re<\/li>\r\n<\/ul>\r\n<p>&nbsp;<\/p>\r\n\r\n\r\n\r\n<h4 class=\"has-text-align-center wp-block-heading\" style=\"text-align: justify;\"><strong>Commission Environnement Cadre de Vie<\/strong><\/h4>\r\n\r\n\r\n\r\n<p class=\"has-text-align-center\" style=\"text-align: justify;\"><em>Membres : F. Karleskind, F. De Angelis, R. Georgel<\/em><\/p>\r\n\r\n\r\n\r\n<p class=\"has-text-align-center\" style=\"text-align: justify;\"><br \/>Gestion des questions relatives :<\/p>\r\n\r\n\r\n\r\n<ul class=\"wp-block-list\" style=\"text-align: justify;\">\r\n<li>aux for\u00eats<\/li>\r\n<\/ul>\r\n\r\n\r\n\r\n<ul class=\"wp-block-list\" style=\"text-align: justify;\">\r\n<li>aux espaces verts communaux<\/li>\r\n<\/ul>\r\n\r\n\r\n\r\n<ul class=\"wp-block-list\" style=\"text-align: justify;\">\r\n<li>\u00e0 la chasse<\/li>\r\n<\/ul>\r\n\r\n\r\n\r\n<p style=\"text-align: justify;\">\u00a0<\/p>\r\n\r\n\r\n\r\n<p class=\"has-text-align-center\" style=\"text-align: justify;\">Lutte contre les d\u00e9charges sauvages<\/p>\r\n\r\n\r\n\r\n<p style=\"text-align: justify;\">\u00a0<\/p>\r\n\r\n\r\n\r\n<h3 class=\"wp-block-heading\" style=\"text-align: justify;\"><br \/>Les d\u00e9l\u00e9gu\u00e9s aupr\u00e8s des syndicats intercommunaux ont \u00e9galement \u00e9t\u00e9 nomm\u00e9s :<\/h3>\r\n\r\n\r\n\r\n<p style=\"text-align: justify;\"><br \/><strong>Amicale des Anciens :<\/strong> E. Di Martino<\/p>\r\n<p style=\"text-align: justify;\"><strong>AMOMFERLOR<\/strong> : R. Biscaro, N. Heilig<\/p>\r\n\r\n\r\n\r\n<p style=\"text-align: justify;\"><strong>CAUE :<\/strong> F. Karleskind<\/p>\r\n<p style=\"text-align: justify;\"><strong>Affaissements Miniers :<\/strong> N. Heilig, F. Karleskind<\/p>\r\n\r\n\r\n\r\n<p style=\"text-align: justify;\"><strong>Mission Locale :<\/strong> C. Rama, <em>M. Di Gennaro<\/em><\/p>\r\n<p style=\"text-align: justify;\"><strong>RIV 54<\/strong> : F. Karleskind, G. Imp\u00e9riale<\/p>\r\n\r\n\r\n\r\n<p style=\"text-align: justify;\"><strong>SISCODELB :<\/strong> R. Biscaro, E. Di Martino<\/p>\r\n\r\n\r\n\r\n\r\n\r\n<p style=\"text-align: justify;\"><strong>SIVU Chenil Jolibois :<\/strong> N. Heilig, C. Rama<\/p>\r\n","protected":false},"excerpt":{"rendered":"<p>La deuxi\u00e8me r\u00e9union du Conseil Municipal s&#8217;est tenue le mardi 2 juin 2020. L&#8217;ordre du jour portait essentiellement sur la cr\u00e9ation des commissions municipales : 11 commissions r\u00e9parties en 3 p\u00f4les, chaque p\u00f4le \u00e9tant plac\u00e9 sous la responsabilit\u00e9 d&#8217;un ou plusieurs adjoints. \u00a0 P\u00f4le Services G\u00e9n\u00e9raux Adjoints Responsables : Emmanuel Di Martino et Claude Kubiak [&hellip;]<\/p>\n","protected":false},"author":1,"featured_media":0,"parent":0,"menu_order":0,"comment_status":"closed","ping_status":"closed","template":"","meta":{"footnotes":""},"class_list":["post-329","page","type-page","status-publish","hentry"],"_links":{"self":[{"href":"https:\/\/tiercelet.fr\/index.php?rest_route=\/wp\/v2\/pages\/329","targetHints":{"allow":["GET"]}}],"collection":[{"href":"https:\/\/tiercelet.fr\/index.php?rest_route=\/wp\/v2\/pages"}],"about":[{"href":"https:\/\/tiercelet.fr\/index.php?rest_route=\/wp\/v2\/types\/page"}],"author":[{"embeddable":true,"href":"https:\/\/tiercelet.fr\/index.php?rest_route=\/wp\/v2\/users\/1"}],"replies":[{"embeddable":true,"href":"https:\/\/tiercelet.fr\/index.php?rest_route=%2Fwp%2Fv2%2Fcomments&post=329"}],"version-history":[{"count":33,"href":"https:\/\/tiercelet.fr\/index.php?rest_route=\/wp\/v2\/pages\/329\/revisions"}],"predecessor-version":[{"id":2387,"href":"https:\/\/tiercelet.fr\/index.php?rest_route=\/wp\/v2\/pages\/329\/revisions\/2387"}],"wp:attachment":[{"href":"https:\/\/tiercelet.fr\/index.php?rest_route=%2Fwp%2Fv2%2Fmedia&parent=329"}],"curies":[{"name":"wp","href":"https:\/\/api.w.org\/{rel}","templated":true}]}}