{"id":321,"date":"2020-07-21T23:11:42","date_gmt":"2020-07-21T21:11:42","guid":{"rendered":"http:\/\/tiercelet.fr\/?page_id=321"},"modified":"2024-02-26T17:57:28","modified_gmt":"2024-02-26T16:57:28","slug":"actualites","status":"publish","type":"page","link":"https:\/\/tiercelet.fr\/?page_id=321","title":{"rendered":"Actualit\u00e9s"},"content":{"rendered":"\n<div class=\"wp-block-columns is-layout-flex wp-container-core-columns-is-layout-9d6595d7 wp-block-columns-is-layout-flex\">\n<div class=\"wp-block-column is-layout-flow wp-block-column-is-layout-flow\"><div class=\"wp-block-image\">\n<figure class=\"aligncenter is-resized\"><a href=\"http:\/\/tiercelet.fr\/?cat=9\"><img loading=\"lazy\" decoding=\"async\" src=\"https:\/\/cdn.pixabay.com\/photo\/2015\/11\/03\/09\/06\/at-1020063_960_720.jpg\" alt=\"At, Messagerie, Envoyer, E Mail, Internet\" width=\"200\" height=\"200\"\/><\/a><\/figure><\/div>\n\n\n<h2 class=\"has-text-align-center wp-block-heading\"><a href=\"http:\/\/tiercelet.fr\/?cat=9\">Derni\u00e8res infos<\/a><\/h2>\n\n\n\n<p><\/p>\n\n\n\n<figure class=\"wp-block-image size-full\"><img loading=\"lazy\" decoding=\"async\" width=\"600\" height=\"300\" src=\"https:\/\/tiercelet.fr\/wp-content\/uploads\/2023\/08\/arrete-municipal.webp\" alt=\"\" class=\"wp-image-2022\" srcset=\"https:\/\/tiercelet.fr\/wp-content\/uploads\/2023\/08\/arrete-municipal.webp 600w, https:\/\/tiercelet.fr\/wp-content\/uploads\/2023\/08\/arrete-municipal-300x150.webp 300w\" sizes=\"auto, (max-width: 600px) 100vw, 600px\" \/><\/figure>\n\n\n\n<h2 class=\"has-text-align-center wp-block-heading\"><a href=\"https:\/\/tiercelet.fr\/?page_id=2024\" target=\"_blank\" rel=\"noreferrer noopener\">Arr\u00eat\u00e9s municpaux<\/a><\/h2>\n<\/div>\n\n\n\n<div class=\"wp-block-column is-layout-flow wp-block-column-is-layout-flow\"><div class=\"wp-block-image\">\n<figure class=\"aligncenter is-resized\"><a href=\"http:\/\/tiercelet.fr\/?page_id=433(ouvre un nouvel onglet)\"><img loading=\"lazy\" decoding=\"async\" src=\"https:\/\/cdn.pixabay.com\/photo\/2012\/04\/28\/19\/00\/mark-44041__340.png\" alt=\"Mark, Parapluie, Question, Perdu, Trouv\u00e9\" width=\"200\" height=\"200\"\/><\/a><\/figure><\/div>\n\n\n<h2 class=\"has-text-align-center wp-block-heading\"><a href=\"http:\/\/tiercelet.fr\/?page_id=433(ouvre%20un%20nouvel%20onglet)\">Perdu \/ trouv\u00e9<\/a><\/h2>\n<\/div>\n<\/div>\n","protected":false},"excerpt":{"rendered":"<p>Derni\u00e8res infos Arr\u00eat\u00e9s municpaux Perdu \/ trouv\u00e9<\/p>\n","protected":false},"author":1,"featured_media":0,"parent":0,"menu_order":0,"comment_status":"closed","ping_status":"closed","template":"","meta":{"footnotes":""},"class_list":["post-321","page","type-page","status-publish","hentry"],"_links":{"self":[{"href":"https:\/\/tiercelet.fr\/index.php?rest_route=\/wp\/v2\/pages\/321","targetHints":{"allow":["GET"]}}],"collection":[{"href":"https:\/\/tiercelet.fr\/index.php?rest_route=\/wp\/v2\/pages"}],"about":[{"href":"https:\/\/tiercelet.fr\/index.php?rest_route=\/wp\/v2\/types\/page"}],"author":[{"embeddable":true,"href":"https:\/\/tiercelet.fr\/index.php?rest_route=\/wp\/v2\/users\/1"}],"replies":[{"embeddable":true,"href":"https:\/\/tiercelet.fr\/index.php?rest_route=%2Fwp%2Fv2%2Fcomments&post=321"}],"version-history":[{"count":17,"href":"https:\/\/tiercelet.fr\/index.php?rest_route=\/wp\/v2\/pages\/321\/revisions"}],"predecessor-version":[{"id":2182,"href":"https:\/\/tiercelet.fr\/index.php?rest_route=\/wp\/v2\/pages\/321\/revisions\/2182"}],"wp:attachment":[{"href":"https:\/\/tiercelet.fr\/index.php?rest_route=%2Fwp%2Fv2%2Fmedia&parent=321"}],"curies":[{"name":"wp","href":"https:\/\/api.w.org\/{rel}","templated":true}]}}