{"id":271,"date":"2020-07-21T22:16:04","date_gmt":"2020-07-21T20:16:04","guid":{"rendered":"http:\/\/tiercelet.fr\/?page_id=271"},"modified":"2020-09-08T21:41:25","modified_gmt":"2020-09-08T19:41:25","slug":"periscolaire-2","status":"publish","type":"page","link":"https:\/\/tiercelet.fr\/?page_id=271","title":{"rendered":"P\u00e9riscolaire"},"content":{"rendered":"\n<div class=\"wp-block-columns is-layout-flex wp-container-core-columns-is-layout-9d6595d7 wp-block-columns-is-layout-flex\">\n<div class=\"wp-block-column is-layout-flow wp-block-column-is-layout-flow\">\n<div class=\"wp-block-image\"><figure class=\"aligncenter is-resized\"><a href=\"http:\/\/tiercelet.fr\/?page_id=86(ouvre un nouvel onglet)\"><img loading=\"lazy\" decoding=\"async\" src=\"https:\/\/cdn.pixabay.com\/photo\/2017\/08\/29\/06\/17\/lightbulb-2692247__340.jpg\" alt=\"Ampoule, Concept, Cork, Bulletin\" width=\"230\" height=\"200\"\/><\/a><\/figure><\/div>\n\n\n\n<h2 class=\"has-text-align-center wp-block-heading\"><a href=\"http:\/\/tiercelet.fr\/?page_id=86(ouvre un nouvel onglet)\">Informations g\u00e9n\u00e9rales <\/a><\/h2>\n<\/div>\n\n\n\n<div class=\"wp-block-column is-layout-flow wp-block-column-is-layout-flow\">\n<div class=\"wp-block-image\"><figure class=\"aligncenter is-resized\"><a href=\"http:\/\/tiercelet.fr\/?page_id=87(ouvre un nouvel onglet)\"><img loading=\"lazy\" decoding=\"async\" src=\"https:\/\/cdn.pixabay.com\/photo\/2016\/06\/26\/23\/32\/contract-1481587__340.png\" alt=\"Contrat, Droits, R\u00e8gle, Paragraphes\" width=\"200\" height=\"200\"\/><\/a><\/figure><\/div>\n\n\n\n<h2 class=\"has-text-align-center wp-block-heading\"><a href=\"http:\/\/tiercelet.fr\/?page_id=87(ouvre un nouvel onglet)\">R\u00e8glement int\u00e9rieur<\/a><\/h2>\n<\/div>\n\n\n\n<div class=\"wp-block-column is-layout-flow wp-block-column-is-layout-flow\">\n<div class=\"wp-block-image\"><figure class=\"aligncenter is-resized\"><a href=\"http:\/\/tiercelet.fr\/?page_id=88(ouvre un nouvel onglet)\"><img loading=\"lazy\" decoding=\"async\" src=\"https:\/\/cdn.pixabay.com\/photo\/2014\/04\/02\/10\/34\/folder-303891__340.png\" alt=\"Dossier, Fichiers, Papier, Bureau\" width=\"200\" height=\"200\"\/><\/a><\/figure><\/div>\n\n\n\n<h2 class=\"has-text-align-center wp-block-heading\"><a href=\"http:\/\/tiercelet.fr\/?page_id=88(ouvre un nouvel onglet)\">Dossier<\/a> <a href=\"http:\/\/tiercelet.fr\/?page_id=88(ouvre un nouvel onglet)\">d&#8217;inscription<\/a><\/h2>\n<\/div>\n<\/div>\n\n\n\n<div class=\"wp-block-columns is-layout-flex wp-container-core-columns-is-layout-9d6595d7 wp-block-columns-is-layout-flex\">\n<div class=\"wp-block-column is-layout-flow wp-block-column-is-layout-flow\">\n<div class=\"wp-block-image\"><figure class=\"aligncenter is-resized\"><a href=\"http:\/\/tiercelet.fr\/?page_id=425(ouvre un nouvel onglet)\"><img loading=\"lazy\" decoding=\"async\" src=\"https:\/\/cdn.pixabay.com\/photo\/2014\/04\/02\/10\/48\/food-304597__340.png\" alt=\"Alimentaire, Menu, Bouton, Restaurant\" width=\"200\" height=\"200\"\/><\/a><\/figure><\/div>\n\n\n\n<h2 class=\"has-text-align-center wp-block-heading\"><a href=\"http:\/\/tiercelet.fr\/?page_id=425(ouvre un nouvel onglet)\">Menus de la cantine<\/a><\/h2>\n<\/div>\n\n\n\n<div class=\"wp-block-column is-layout-flow wp-block-column-is-layout-flow\">\n<div class=\"wp-block-image\"><figure class=\"aligncenter is-resized\"><a href=\"http:\/\/tiercelet.fr\/?page_id=428\"><img loading=\"lazy\" decoding=\"async\" src=\"https:\/\/cdn.pixabay.com\/photo\/2017\/06\/15\/13\/24\/diary-2405460__340.jpg\" alt=\"Agenda, Clavier, Cuir, Planning, Semaine\" width=\"230\" height=\"200\"\/><\/a><\/figure><\/div>\n\n\n\n<h2 class=\"has-text-align-center wp-block-heading\"><a href=\"http:\/\/tiercelet.fr\/?page_id=428(ouvre un nouvel onglet)\">Planning des activit\u00e9s<\/a> <\/h2>\n\n\n\n<h2 class=\"has-text-align-center wp-block-heading\"><a href=\"http:\/\/tiercelet.fr\/?page_id=428(ouvre un nouvel onglet)\">du mercredi<\/a><\/h2>\n<\/div>\n<\/div>\n\n\n\n<p><\/p>\n","protected":false},"excerpt":{"rendered":"<p>Informations g\u00e9n\u00e9rales R\u00e8glement int\u00e9rieur Dossier d&#8217;inscription Menus de la cantine Planning des activit\u00e9s du mercredi<\/p>\n","protected":false},"author":1,"featured_media":0,"parent":0,"menu_order":0,"comment_status":"closed","ping_status":"closed","template":"","meta":{"footnotes":""},"class_list":["post-271","page","type-page","status-publish","hentry"],"_links":{"self":[{"href":"https:\/\/tiercelet.fr\/index.php?rest_route=\/wp\/v2\/pages\/271","targetHints":{"allow":["GET"]}}],"collection":[{"href":"https:\/\/tiercelet.fr\/index.php?rest_route=\/wp\/v2\/pages"}],"about":[{"href":"https:\/\/tiercelet.fr\/index.php?rest_route=\/wp\/v2\/types\/page"}],"author":[{"embeddable":true,"href":"https:\/\/tiercelet.fr\/index.php?rest_route=\/wp\/v2\/users\/1"}],"replies":[{"embeddable":true,"href":"https:\/\/tiercelet.fr\/index.php?rest_route=%2Fwp%2Fv2%2Fcomments&post=271"}],"version-history":[{"count":22,"href":"https:\/\/tiercelet.fr\/index.php?rest_route=\/wp\/v2\/pages\/271\/revisions"}],"predecessor-version":[{"id":894,"href":"https:\/\/tiercelet.fr\/index.php?rest_route=\/wp\/v2\/pages\/271\/revisions\/894"}],"wp:attachment":[{"href":"https:\/\/tiercelet.fr\/index.php?rest_route=%2Fwp%2Fv2%2Fmedia&parent=271"}],"curies":[{"name":"wp","href":"https:\/\/api.w.org\/{rel}","templated":true}]}}