{"id":2185,"date":"2024-02-26T18:03:10","date_gmt":"2024-02-26T17:03:10","guid":{"rendered":"https:\/\/tiercelet.fr\/?page_id=2185"},"modified":"2024-02-26T18:16:18","modified_gmt":"2024-02-26T17:16:18","slug":"2185-2","status":"publish","type":"page","link":"https:\/\/tiercelet.fr\/?page_id=2185","title":{"rendered":"V\u00e9los libre-service \u00e0 assistance \u00e9lectrique"},"content":{"rendered":"<p><img loading=\"lazy\" decoding=\"async\" class=\"size-full wp-image-2183 aligncenter\" src=\"https:\/\/tiercelet.fr\/wp-content\/uploads\/2024\/02\/csm_vertuose-bandeau_7fd7b587ad-1.png\" alt=\"\" width=\"500\" height=\"228\" srcset=\"https:\/\/tiercelet.fr\/wp-content\/uploads\/2024\/02\/csm_vertuose-bandeau_7fd7b587ad-1.png 500w, https:\/\/tiercelet.fr\/wp-content\/uploads\/2024\/02\/csm_vertuose-bandeau_7fd7b587ad-1-300x137.png 300w\" sizes=\"auto, (max-width: 500px) 100vw, 500px\" \/><\/p>\n<p>&nbsp;<\/p>\n<h2>MODALIT\u00c9S D&#8217;INSCRIPTION: <a href=\"https:\/\/www.tgl-longwy.fr\/se-deplacer\/vertuose\" target=\"_blank\" rel=\"noopener\">CLIQUEZ ICI<\/a><\/h2>\n<a href=\"https:\/\/tiercelet.fr\/wp-content\/uploads\/2024\/02\/depliant-vertuose.pdf\" class=\"pdfemb-viewer\" style=\"\" data-width=\"max\" data-height=\"max\" data-toolbar=\"bottom\" data-toolbar-fixed=\"off\">depliant-vertuose<\/a>\n<p>&nbsp;<\/p>\n","protected":false},"excerpt":{"rendered":"<p>&nbsp; MODALIT\u00c9S D&#8217;INSCRIPTION: CLIQUEZ ICI &nbsp;<\/p>\n","protected":false},"author":2,"featured_media":0,"parent":403,"menu_order":0,"comment_status":"closed","ping_status":"closed","template":"","meta":{"footnotes":""},"class_list":["post-2185","page","type-page","status-publish","hentry"],"_links":{"self":[{"href":"https:\/\/tiercelet.fr\/index.php?rest_route=\/wp\/v2\/pages\/2185","targetHints":{"allow":["GET"]}}],"collection":[{"href":"https:\/\/tiercelet.fr\/index.php?rest_route=\/wp\/v2\/pages"}],"about":[{"href":"https:\/\/tiercelet.fr\/index.php?rest_route=\/wp\/v2\/types\/page"}],"author":[{"embeddable":true,"href":"https:\/\/tiercelet.fr\/index.php?rest_route=\/wp\/v2\/users\/2"}],"replies":[{"embeddable":true,"href":"https:\/\/tiercelet.fr\/index.php?rest_route=%2Fwp%2Fv2%2Fcomments&post=2185"}],"version-history":[{"count":4,"href":"https:\/\/tiercelet.fr\/index.php?rest_route=\/wp\/v2\/pages\/2185\/revisions"}],"predecessor-version":[{"id":2203,"href":"https:\/\/tiercelet.fr\/index.php?rest_route=\/wp\/v2\/pages\/2185\/revisions\/2203"}],"up":[{"embeddable":true,"href":"https:\/\/tiercelet.fr\/index.php?rest_route=\/wp\/v2\/pages\/403"}],"wp:attachment":[{"href":"https:\/\/tiercelet.fr\/index.php?rest_route=%2Fwp%2Fv2%2Fmedia&parent=2185"}],"curies":[{"name":"wp","href":"https:\/\/api.w.org\/{rel}","templated":true}]}}